{"id":369,"date":"2023-01-24T17:24:49","date_gmt":"2023-01-24T20:24:49","guid":{"rendered":"https:\/\/casinosonlinetop.bet\/ar\/?page_id=369"},"modified":"2023-04-27T17:14:09","modified_gmt":"2023-04-27T20:14:09","slug":"juego-responsable","status":"publish","type":"page","link":"https:\/\/casinosonlinetop.bet\/ar\/juego-responsable\/","title":{"rendered":"Juego Responsable"},"content":{"rendered":"\t\t<div data-elementor-type=\"wp-page\" data-elementor-id=\"369\" class=\"elementor elementor-369\" data-elementor-settings=\"{&quot;element_pack_global_tooltip_width&quot;:{&quot;unit&quot;:&quot;px&quot;,&quot;size&quot;:&quot;&quot;,&quot;sizes&quot;:[]},&quot;element_pack_global_tooltip_width_tablet&quot;:{&quot;unit&quot;:&quot;px&quot;,&quot;size&quot;:&quot;&quot;,&quot;sizes&quot;:[]},&quot;element_pack_global_tooltip_width_mobile&quot;:{&quot;unit&quot;:&quot;px&quot;,&quot;size&quot;:&quot;&quot;,&quot;sizes&quot;:[]},&quot;element_pack_global_tooltip_padding&quot;:{&quot;unit&quot;:&quot;px&quot;,&quot;top&quot;:&quot;&quot;,&quot;right&quot;:&quot;&quot;,&quot;bottom&quot;:&quot;&quot;,&quot;left&quot;:&quot;&quot;,&quot;isLinked&quot;:true},&quot;element_pack_global_tooltip_padding_tablet&quot;:{&quot;unit&quot;:&quot;px&quot;,&quot;top&quot;:&quot;&quot;,&quot;right&quot;:&quot;&quot;,&quot;bottom&quot;:&quot;&quot;,&quot;left&quot;:&quot;&quot;,&quot;isLinked&quot;:true},&quot;element_pack_global_tooltip_padding_mobile&quot;:{&quot;unit&quot;:&quot;px&quot;,&quot;top&quot;:&quot;&quot;,&quot;right&quot;:&quot;&quot;,&quot;bottom&quot;:&quot;&quot;,&quot;left&quot;:&quot;&quot;,&quot;isLinked&quot;:true},&quot;element_pack_global_tooltip_border_radius&quot;:{&quot;unit&quot;:&quot;px&quot;,&quot;top&quot;:&quot;&quot;,&quot;right&quot;:&quot;&quot;,&quot;bottom&quot;:&quot;&quot;,&quot;left&quot;:&quot;&quot;,&quot;isLinked&quot;:true},&quot;element_pack_global_tooltip_border_radius_tablet&quot;:{&quot;unit&quot;:&quot;px&quot;,&quot;top&quot;:&quot;&quot;,&quot;right&quot;:&quot;&quot;,&quot;bottom&quot;:&quot;&quot;,&quot;left&quot;:&quot;&quot;,&quot;isLinked&quot;:true},&quot;element_pack_global_tooltip_border_radius_mobile&quot;:{&quot;unit&quot;:&quot;px&quot;,&quot;top&quot;:&quot;&quot;,&quot;right&quot;:&quot;&quot;,&quot;bottom&quot;:&quot;&quot;,&quot;left&quot;:&quot;&quot;,&quot;isLinked&quot;:true}}\" data-elementor-post-type=\"page\">\n\t\t\t\t\t\t<section class=\"elementor-section elementor-top-section elementor-element elementor-element-7a68d6d6 elementor-section-boxed elementor-section-height-default elementor-section-height-default\" data-id=\"7a68d6d6\" data-element_type=\"section\" data-e-type=\"section\">\n\t\t\t\t\t\t<div class=\"elementor-container elementor-column-gap-default\">\n\t\t\t\t\t<div class=\"elementor-column elementor-col-100 elementor-top-column elementor-element elementor-element-7f7cd0cf\" data-id=\"7f7cd0cf\" data-element_type=\"column\" data-e-type=\"column\">\n\t\t\t<div class=\"elementor-widget-wrap elementor-element-populated\">\n\t\t\t\t\t\t<div class=\"elementor-element elementor-element-14ee96f0 elementor-widget elementor-widget-text-editor\" data-id=\"14ee96f0\" data-element_type=\"widget\" data-e-type=\"widget\" data-widget_type=\"text-editor.default\">\n\t\t\t\t<div class=\"elementor-widget-container\">\n\t\t\t\t\t\t\t\t\t<p>El Juego Responsable es una actividad de ocio y entretenimiento. Es jugar en forma protegida, segura y <a href=\"https:\/\/casinosonlinetop.bet\/ar\" target=\"_blank\" rel=\"noopener sponsored\"><strong>divertida<\/strong><\/a>.<\/p>\t\t\t\t\t\t\t\t<\/div>\n\t\t\t\t<\/div>\n\t\t\t\t<section class=\"elementor-section elementor-inner-section elementor-element elementor-element-27d79c05 elementor-section-boxed elementor-section-height-default elementor-section-height-default\" data-id=\"27d79c05\" data-element_type=\"section\" data-e-type=\"section\" data-settings=\"{&quot;background_background&quot;:&quot;classic&quot;}\">\n\t\t\t\t\t\t<div class=\"elementor-container elementor-column-gap-no\">\n\t\t\t\t\t<div class=\"elementor-column elementor-col-50 elementor-inner-column elementor-element elementor-element-66ad96ea\" data-id=\"66ad96ea\" data-element_type=\"column\" data-e-type=\"column\">\n\t\t\t<div class=\"elementor-widget-wrap elementor-element-populated\">\n\t\t\t\t\t\t<div class=\"elementor-element elementor-element-140a0027 elementor-widget elementor-widget-heading\" data-id=\"140a0027\" data-element_type=\"widget\" data-e-type=\"widget\" data-widget_type=\"heading.default\">\n\t\t\t\t<div class=\"elementor-widget-container\">\n\t\t\t\t\t<h2 class=\"elementor-heading-title elementor-size-default\">En qu\u00e9 consiste<\/h2>\t\t\t\t<\/div>\n\t\t\t\t<\/div>\n\t\t\t\t<div class=\"elementor-element elementor-element-662c321 elementor-widget elementor-widget-text-editor\" data-id=\"662c321\" data-element_type=\"widget\" data-e-type=\"widget\" data-widget_type=\"text-editor.default\">\n\t\t\t\t<div class=\"elementor-widget-container\">\n\t\t\t\t\t\t\t\t\t<p>Consiste en la elecci\u00f3n racional y consciente de las opciones de juego, que tenga en cuenta la situaci\u00f3n y circunstancias personales del jugador, impidiendo que el entretenimiento a trav\u00e9s del juego de azar, se pueda convertir en un problema.<\/p><p><strong>Implica, entonces, una decisi\u00f3n informada y controlada.<\/strong><\/p>\t\t\t\t\t\t\t\t<\/div>\n\t\t\t\t<\/div>\n\t\t\t\t\t<\/div>\n\t\t<\/div>\n\t\t\t\t<div class=\"elementor-column elementor-col-50 elementor-inner-column elementor-element elementor-element-22145b4d\" data-id=\"22145b4d\" data-element_type=\"column\" data-e-type=\"column\">\n\t\t\t<div class=\"elementor-widget-wrap elementor-element-populated\">\n\t\t\t\t\t\t<div class=\"elementor-element elementor-element-6bb5a669 elementor-widget elementor-widget-text-editor\" data-id=\"6bb5a669\" data-element_type=\"widget\" data-e-type=\"widget\" data-widget_type=\"text-editor.default\">\n\t\t\t\t<div class=\"elementor-widget-container\">\n\t\t\t\t\t\t\t\t\t<p>El juego responsable forma parte de las acciones de Responsabilidad Social Empresaria que llevamos adelante en los casinos, <strong><a href=\"https:\/\/gamblecity.com\" target=\"_blank\" rel=\"noopener sponsored\">salas de juego<\/a> <\/strong>y sitios online.<\/p>\t\t\t\t\t\t\t\t<\/div>\n\t\t\t\t<\/div>\n\t\t\t\t\t<\/div>\n\t\t<\/div>\n\t\t\t\t\t<\/div>\n\t\t<\/section>\n\t\t\t\t<section class=\"elementor-section elementor-inner-section elementor-element elementor-element-5582d737 elementor-section-boxed elementor-section-height-default elementor-section-height-default\" data-id=\"5582d737\" data-element_type=\"section\" data-e-type=\"section\" data-settings=\"{&quot;background_background&quot;:&quot;classic&quot;}\">\n\t\t\t\t\t\t<div class=\"elementor-container elementor-column-gap-no\">\n\t\t\t\t\t<div class=\"elementor-column elementor-col-50 elementor-inner-column elementor-element elementor-element-12d53f76\" data-id=\"12d53f76\" data-element_type=\"column\" data-e-type=\"column\">\n\t\t\t<div class=\"elementor-widget-wrap elementor-element-populated\">\n\t\t\t\t\t\t<div class=\"elementor-element elementor-element-3e51e105 elementor-widget__width-initial elementor-widget elementor-widget-heading\" data-id=\"3e51e105\" data-element_type=\"widget\" data-e-type=\"widget\" data-widget_type=\"heading.default\">\n\t\t\t\t<div class=\"elementor-widget-container\">\n\t\t\t\t\t<h2 class=\"elementor-heading-title elementor-size-default\">Jugador Responsable<\/h2>\t\t\t\t<\/div>\n\t\t\t\t<\/div>\n\t\t\t\t\t<\/div>\n\t\t<\/div>\n\t\t\t\t<div class=\"elementor-column elementor-col-50 elementor-inner-column elementor-element elementor-element-79057ed4\" data-id=\"79057ed4\" data-element_type=\"column\" data-e-type=\"column\">\n\t\t\t<div class=\"elementor-widget-wrap elementor-element-populated\">\n\t\t\t\t\t\t<div class=\"elementor-element elementor-element-2b37fdef elementor-widget elementor-widget-text-editor\" data-id=\"2b37fdef\" data-element_type=\"widget\" data-e-type=\"widget\" data-widget_type=\"text-editor.default\">\n\t\t\t\t<div class=\"elementor-widget-container\">\n\t\t\t\t\t\t\t\t\t<p>\u2022 El jugador responsable juega para divertirse y entretenerse, no para ganar dinero, sabe que puede tener suerte y ganar pero que tambi\u00e9n puede perder.<\/p><p>\u2022 Jugar responsablemente significa tomar decisiones basadas en hechos, manteniendo el control sobre el tiempo y el dinero que quiere gastar.<\/p><p>\u2022 Jugando responsablemente, se vive una experiencia agradable, divertida, sin riesgo de da\u00f1o a s\u00ed mismo, familia y\/o amigos.<\/p>\t\t\t\t\t\t\t\t<\/div>\n\t\t\t\t<\/div>\n\t\t\t\t\t<\/div>\n\t\t<\/div>\n\t\t\t\t\t<\/div>\n\t\t<\/section>\n\t\t\t\t<section class=\"elementor-section elementor-inner-section elementor-element elementor-element-455ab8d0 elementor-section-boxed elementor-section-height-default elementor-section-height-default\" data-id=\"455ab8d0\" data-element_type=\"section\" data-e-type=\"section\" data-settings=\"{&quot;background_background&quot;:&quot;classic&quot;}\">\n\t\t\t\t\t\t<div class=\"elementor-container elementor-column-gap-no\">\n\t\t\t\t\t<div class=\"elementor-column elementor-col-50 elementor-inner-column elementor-element elementor-element-1a759640\" data-id=\"1a759640\" data-element_type=\"column\" data-e-type=\"column\">\n\t\t\t<div class=\"elementor-widget-wrap elementor-element-populated\">\n\t\t\t\t\t\t<div class=\"elementor-element elementor-element-73d1adb5 elementor-widget__width-initial elementor-widget elementor-widget-heading\" data-id=\"73d1adb5\" data-element_type=\"widget\" data-e-type=\"widget\" data-widget_type=\"heading.default\">\n\t\t\t\t<div class=\"elementor-widget-container\">\n\t\t\t\t\t<h2 class=\"elementor-heading-title elementor-size-default\">C\u00f3mo jugar con responsabilidad<\/h2>\t\t\t\t<\/div>\n\t\t\t\t<\/div>\n\t\t\t\t\t<\/div>\n\t\t<\/div>\n\t\t\t\t<div class=\"elementor-column elementor-col-50 elementor-inner-column elementor-element elementor-element-8cbcbd0\" data-id=\"8cbcbd0\" data-element_type=\"column\" data-e-type=\"column\">\n\t\t\t<div class=\"elementor-widget-wrap elementor-element-populated\">\n\t\t\t\t\t\t<div class=\"elementor-element elementor-element-69eed6b5 elementor-widget elementor-widget-text-editor\" data-id=\"69eed6b5\" data-element_type=\"widget\" data-e-type=\"widget\" data-widget_type=\"text-editor.default\">\n\t\t\t\t<div class=\"elementor-widget-container\">\n\t\t\t\t\t\t\t\t\t<p>\u2022 Jug\u00e1 por diversi\u00f3n, no por dinero o para evadir problemas.<\/p><p>\u2022 No persigas o intentes recuperar las p\u00e9rdidas.<\/p><p>\u2022 Jug\u00e1 para divertirte, disfrutar, pero consider\u00e1 que tambi\u00e9n pod\u00e9s perder.<\/p><p>\u2022 Sab\u00e9 que en la pr\u00f3rroga es poco probable ganar.<\/p><p>\u2022 Jug\u00e1 solo el dinero asignado a la diversi\u00f3n. No comprometas dinero destinado a otros objetivos.<\/p><p>\u2022 En tiempos de crisis emocional disminuye el autocontrol, evit\u00e1 jugar inmoderadamente.<\/p><p>\u2022 No permitas que el juego afecte tus relaciones familiares o sociales.<\/p><p>\u2022 Establec\u00e9 l\u00edmites de tiempo y de dinero para jugar.<\/p><p>\u2022 El juego medido, es la forma de juego divertido.<\/p>\t\t\t\t\t\t\t\t<\/div>\n\t\t\t\t<\/div>\n\t\t\t\t\t<\/div>\n\t\t<\/div>\n\t\t\t\t\t<\/div>\n\t\t<\/section>\n\t\t\t\t<section class=\"elementor-section elementor-inner-section elementor-element elementor-element-1ee1ccfb elementor-section-boxed elementor-section-height-default elementor-section-height-default\" data-id=\"1ee1ccfb\" data-element_type=\"section\" data-e-type=\"section\">\n\t\t\t\t\t\t<div class=\"elementor-container elementor-column-gap-no\">\n\t\t\t\t\t<div class=\"elementor-column elementor-col-100 elementor-inner-column elementor-element elementor-element-2342750\" data-id=\"2342750\" data-element_type=\"column\" data-e-type=\"column\">\n\t\t\t<div class=\"elementor-widget-wrap elementor-element-populated\">\n\t\t\t\t\t\t<div class=\"elementor-element elementor-element-29fedfb7 elementor-widget__width-initial elementor-widget elementor-widget-heading\" data-id=\"29fedfb7\" data-element_type=\"widget\" data-e-type=\"widget\" data-widget_type=\"heading.default\">\n\t\t\t\t<div class=\"elementor-widget-container\">\n\t\t\t\t\t<h2 class=\"elementor-heading-title elementor-size-default\">Normas de Juego Responsable:<\/h2>\t\t\t\t<\/div>\n\t\t\t\t<\/div>\n\t\t\t\t<div class=\"elementor-element elementor-element-4b2c7db9 elementor-widget elementor-widget-spacer\" data-id=\"4b2c7db9\" data-element_type=\"widget\" data-e-type=\"widget\" data-widget_type=\"spacer.default\">\n\t\t\t\t<div class=\"elementor-widget-container\">\n\t\t\t\t\t\t\t<div class=\"elementor-spacer\">\n\t\t\t<div class=\"elementor-spacer-inner\"><\/div>\n\t\t<\/div>\n\t\t\t\t\t\t<\/div>\n\t\t\t\t<\/div>\n\t\t\t\t<div class=\"elementor-element elementor-element-15b5531c elementor-widget__width-initial elementor-widget elementor-widget-heading\" data-id=\"15b5531c\" data-element_type=\"widget\" data-e-type=\"widget\" data-widget_type=\"heading.default\">\n\t\t\t\t<div class=\"elementor-widget-container\">\n\t\t\t\t\t<h2 class=\"elementor-heading-title elementor-size-default\">01<\/h2>\t\t\t\t<\/div>\n\t\t\t\t<\/div>\n\t\t\t\t<div class=\"elementor-element elementor-element-51cc6729 elementor-widget__width-initial elementor-widget elementor-widget-text-editor\" data-id=\"51cc6729\" data-element_type=\"widget\" data-e-type=\"widget\" data-widget_type=\"text-editor.default\">\n\t\t\t\t<div class=\"elementor-widget-container\">\n\t\t\t\t\t\t\t\t\t<p>Cuanto mayor sea el conocimiento sobre el tema, mejores decisiones vas a poder tomar sobre el juego<\/p>\t\t\t\t\t\t\t\t<\/div>\n\t\t\t\t<\/div>\n\t\t\t\t<div class=\"elementor-element elementor-element-5ca2729e elementor-widget__width-initial elementor-widget elementor-widget-heading\" data-id=\"5ca2729e\" data-element_type=\"widget\" data-e-type=\"widget\" data-widget_type=\"heading.default\">\n\t\t\t\t<div class=\"elementor-widget-container\">\n\t\t\t\t\t<h2 class=\"elementor-heading-title elementor-size-default\">02<\/h2>\t\t\t\t<\/div>\n\t\t\t\t<\/div>\n\t\t\t\t<div class=\"elementor-element elementor-element-5c24f436 elementor-widget__width-initial elementor-widget elementor-widget-text-editor\" data-id=\"5c24f436\" data-element_type=\"widget\" data-e-type=\"widget\" data-widget_type=\"text-editor.default\">\n\t\t\t\t<div class=\"elementor-widget-container\">\n\t\t\t\t\t\t\t\t\t<p>No dejes que el juego afecte tu relaci\u00f3n con familiares y amigos.<\/p>\t\t\t\t\t\t\t\t<\/div>\n\t\t\t\t<\/div>\n\t\t\t\t<div class=\"elementor-element elementor-element-5168a739 elementor-widget__width-initial elementor-widget elementor-widget-heading\" data-id=\"5168a739\" data-element_type=\"widget\" data-e-type=\"widget\" data-widget_type=\"heading.default\">\n\t\t\t\t<div class=\"elementor-widget-container\">\n\t\t\t\t\t<h2 class=\"elementor-heading-title elementor-size-default\">03<\/h2>\t\t\t\t<\/div>\n\t\t\t\t<\/div>\n\t\t\t\t<div class=\"elementor-element elementor-element-42c8bfd8 elementor-widget__width-initial elementor-widget elementor-widget-text-editor\" data-id=\"42c8bfd8\" data-element_type=\"widget\" data-e-type=\"widget\" data-widget_type=\"text-editor.default\">\n\t\t\t\t<div class=\"elementor-widget-container\">\n\t\t\t\t\t\t\t\t\t<p>No busques en el juego una forma de escapar de sufrimientos emocionales o f\u00edsicos.<\/p>\t\t\t\t\t\t\t\t<\/div>\n\t\t\t\t<\/div>\n\t\t\t\t<div class=\"elementor-element elementor-element-37d24bdd elementor-widget__width-initial elementor-widget elementor-widget-heading\" data-id=\"37d24bdd\" data-element_type=\"widget\" data-e-type=\"widget\" data-widget_type=\"heading.default\">\n\t\t\t\t<div class=\"elementor-widget-container\">\n\t\t\t\t\t<h2 class=\"elementor-heading-title elementor-size-default\">04<\/h2>\t\t\t\t<\/div>\n\t\t\t\t<\/div>\n\t\t\t\t<div class=\"elementor-element elementor-element-2fa26f9f elementor-widget__width-initial elementor-widget elementor-widget-text-editor\" data-id=\"2fa26f9f\" data-element_type=\"widget\" data-e-type=\"widget\" data-widget_type=\"text-editor.default\">\n\t\t\t\t<div class=\"elementor-widget-container\">\n\t\t\t\t\t\t\t\t\t<p>Establec\u00e9 reglas personales, no juegues a cr\u00e9dito. No pidas dinero prestado para jugar.<\/p>\t\t\t\t\t\t\t\t<\/div>\n\t\t\t\t<\/div>\n\t\t\t\t<div class=\"elementor-element elementor-element-58730f98 elementor-widget__width-initial elementor-widget elementor-widget-heading\" data-id=\"58730f98\" data-element_type=\"widget\" data-e-type=\"widget\" data-widget_type=\"heading.default\">\n\t\t\t\t<div class=\"elementor-widget-container\">\n\t\t\t\t\t<h2 class=\"elementor-heading-title elementor-size-default\">05<\/h2>\t\t\t\t<\/div>\n\t\t\t\t<\/div>\n\t\t\t\t<div class=\"elementor-element elementor-element-4a8b208d elementor-widget__width-initial elementor-widget elementor-widget-text-editor\" data-id=\"4a8b208d\" data-element_type=\"widget\" data-e-type=\"widget\" data-widget_type=\"text-editor.default\">\n\t\t\t\t<div class=\"elementor-widget-container\">\n\t\t\t\t\t\t\t\t\t<p>Evit\u00e1 \u201cperseguir\u201d el dinero perdido.<\/p>\t\t\t\t\t\t\t\t<\/div>\n\t\t\t\t<\/div>\n\t\t\t\t<div class=\"elementor-element elementor-element-75a24c elementor-widget__width-initial elementor-widget elementor-widget-heading\" data-id=\"75a24c\" data-element_type=\"widget\" data-e-type=\"widget\" data-widget_type=\"heading.default\">\n\t\t\t\t<div class=\"elementor-widget-container\">\n\t\t\t\t\t<h2 class=\"elementor-heading-title elementor-size-default\">06<\/h2>\t\t\t\t<\/div>\n\t\t\t\t<\/div>\n\t\t\t\t<div class=\"elementor-element elementor-element-64f32c2d elementor-widget__width-initial elementor-widget elementor-widget-text-editor\" data-id=\"64f32c2d\" data-element_type=\"widget\" data-e-type=\"widget\" data-widget_type=\"text-editor.default\">\n\t\t\t\t<div class=\"elementor-widget-container\">\n\t\t\t\t\t\t\t\t\t<p>Esper\u00e1 perder. Es una de las posibilidades.<\/p>\t\t\t\t\t\t\t\t<\/div>\n\t\t\t\t<\/div>\n\t\t\t\t<div class=\"elementor-element elementor-element-15bdc6ba elementor-widget__width-initial elementor-widget elementor-widget-heading\" data-id=\"15bdc6ba\" data-element_type=\"widget\" data-e-type=\"widget\" data-widget_type=\"heading.default\">\n\t\t\t\t<div class=\"elementor-widget-container\">\n\t\t\t\t\t<h2 class=\"elementor-heading-title elementor-size-default\">07<\/h2>\t\t\t\t<\/div>\n\t\t\t\t<\/div>\n\t\t\t\t<div class=\"elementor-element elementor-element-2424159e elementor-widget__width-initial elementor-widget elementor-widget-text-editor\" data-id=\"2424159e\" data-element_type=\"widget\" data-e-type=\"widget\" data-widget_type=\"text-editor.default\">\n\t\t\t\t<div class=\"elementor-widget-container\">\n\t\t\t\t\t\t\t\t\t<p>Establec\u00e9 un l\u00edmite de tiempo para jugar y retirate en el plazo que hayas estipulado con antelaci\u00f3n, est\u00e9s ganando o perdiendo.<\/p>\t\t\t\t\t\t\t\t<\/div>\n\t\t\t\t<\/div>\n\t\t\t\t<div class=\"elementor-element elementor-element-175c2a9d elementor-widget__width-initial elementor-widget elementor-widget-heading\" data-id=\"175c2a9d\" data-element_type=\"widget\" data-e-type=\"widget\" data-widget_type=\"heading.default\">\n\t\t\t\t<div class=\"elementor-widget-container\">\n\t\t\t\t\t<h2 class=\"elementor-heading-title elementor-size-default\">08<\/h2>\t\t\t\t<\/div>\n\t\t\t\t<\/div>\n\t\t\t\t<div class=\"elementor-element elementor-element-15caa8be elementor-widget__width-initial elementor-widget elementor-widget-text-editor\" data-id=\"15caa8be\" data-element_type=\"widget\" data-e-type=\"widget\" data-widget_type=\"text-editor.default\">\n\t\t\t\t<div class=\"elementor-widget-container\">\n\t\t\t\t\t\t\t\t\t<p>Promov\u00e9 una vida equilibrada. El juego no debe interferir con\/o sustituir a tus amigos, familia, trabajo u otras actividades interesantes.<\/p>\t\t\t\t\t\t\t\t<\/div>\n\t\t\t\t<\/div>\n\t\t\t\t\t<\/div>\n\t\t<\/div>\n\t\t\t\t\t<\/div>\n\t\t<\/section>\n\t\t\t\t<div class=\"elementor-element elementor-element-4690f83 elementor-widget__width-initial elementor-widget elementor-widget-image\" data-id=\"4690f83\" data-element_type=\"widget\" data-e-type=\"widget\" data-widget_type=\"image.default\">\n\t\t\t\t<div class=\"elementor-widget-container\">\n\t\t\t\t\t\t\t\t\t\t\t\t\t\t\t<img decoding=\"async\" src=\"https:\/\/casinosonlinetop.bet\/ar\/wp-content\/uploads\/2023\/01\/juego-responsable-03.svg\" title=\"Juego Responsable\" alt=\"Juego Responsable\" loading=\"lazy\" \/>\t\t\t\t\t\t\t\t\t\t\t\t\t\t\t<\/div>\n\t\t\t\t<\/div>\n\t\t\t\t<div class=\"elementor-element elementor-element-abb0090 elementor-widget__width-initial elementor-widget elementor-widget-text-editor\" data-id=\"abb0090\" data-element_type=\"widget\" data-e-type=\"widget\" data-widget_type=\"text-editor.default\">\n\t\t\t\t<div class=\"elementor-widget-container\">\n\t\t\t\t\t\t\t\t\t<p>Jugar en l\u00ednea puede ser muy adictivo y peligroso si no se toman medidas preventivas. Una de las formas m\u00e1s efectivas de evitar caer en la adicci\u00f3n al juego es establecer l\u00edmites y cumplirlos. Esto incluye establecer un presupuesto y no gastar m\u00e1s dinero del que se ha decidido previamente.<\/p><p>Adem\u00e1s, es importante limitar el tiempo dedicado al juego en l\u00ednea. Es f\u00e1cil perder la noci\u00f3n del tiempo cuando se est\u00e1 inmerso en un juego emocionante, por lo que es fundamental establecer un l\u00edmite de tiempo para jugar y cumplirlo. Tambi\u00e9n se pueden establecer horarios semanales o mensuales para jugar, lo que ayudar\u00e1 a controlar la cantidad de tiempo y dinero que se dedica al juego.<\/p><p>En general, practicar el juego responsable implica tomar decisiones informadas y mantener una mente clara y consciente mientras se juega. Siempre es importante recordar que el juego en l\u00ednea debe ser visto como una actividad recreativa y no como una fuente de ingresos. Establecer l\u00edmites y cumplirlos puede ayudar a prevenir la adicci\u00f3n al juego y a disfrutar de los juegos de casino en l\u00ednea de forma segura y responsable.<\/p><p>La adicci\u00f3n al juego es un problema real y serio que afecta a muchas personas en todo el mundo. Si se siente que se est\u00e1 perdiendo el control del juego, es importante buscar ayuda. Muchos casinos en l\u00ednea ofrecen herramientas para controlar el juego, como l\u00edmites de dep\u00f3sito y autoexclusi\u00f3n. Tambi\u00e9n se puede buscar ayuda en organizaciones que se especializan en el tratamiento de la ludopat\u00eda y la adicci\u00f3n al juego.<\/p><p>Adem\u00e1s, es importante evitar beber alcohol mientras se juega en l\u00ednea. El alcohol puede afectar el juicio y la capacidad de tomar decisiones informadas, lo que puede llevar a decisiones imprudentes y p\u00e9rdidas de dinero. Es importante mantener una mente clara y estar en un estado de \u00e1nimo adecuado al jugar en l\u00ednea.<\/p><p>Es esencial establecer un presupuesto y cumplirlo. Antes de comenzar a jugar, se debe determinar cu\u00e1nto dinero se est\u00e1 dispuesto a gastar en el juego y asegurarse de no exceder ese l\u00edmite. Esto puede ser dif\u00edcil de hacer cuando uno est\u00e1 emocionado y ganando, pero es importante mantener el autocontrol y no gastar m\u00e1s de lo que se puede permitir.<\/p><p>Tambi\u00e9n se debe tener en cuenta el tiempo que se dedica al juego en l\u00ednea. Es f\u00e1cil perder la noci\u00f3n del tiempo cuando se est\u00e1 inmerso en un juego emocionante, por lo que se debe establecer un l\u00edmite de tiempo para jugar y cumplirlo. Tambi\u00e9n se puede establecer un horario semanal o mensual para jugar, lo que ayudar\u00e1 a controlar la cantidad de tiempo y dinero que se dedica al juego.<\/p><p>En conclusi\u00f3n, el juego responsable es esencial para disfrutar de los juegos de casino en l\u00ednea de forma segura y responsable. Se deben establecer l\u00edmites y cumplirlos, limitar el tiempo dedicado al juego, evitar beber alcohol mientras se juega y buscar ayuda si se siente que se est\u00e1 perdiendo el control. Con estas pr\u00e1cticas, se puede disfrutar de la emoci\u00f3n del juego en l\u00ednea sin sufrir consecuencias negativas. Recuerda que el juego en l\u00ednea debe ser una forma divertida y emocionante de pasar el tiempo, no una fuente de estr\u00e9s y problemas.<\/p>\t\t\t\t\t\t\t\t<\/div>\n\t\t\t\t<\/div>\n\t\t\t\t\t<\/div>\n\t\t<\/div>\n\t\t\t\t\t<\/div>\n\t\t<\/section>\n\t\t\t\t<\/div>\n\t\t","protected":false},"excerpt":{"rendered":"<p>El Juego Responsable es una actividad de ocio y entretenimiento. Es jugar en forma protegida, segura y divertida.<\/p>\n","protected":false},"author":1,"featured_media":820,"parent":0,"menu_order":0,"comment_status":"closed","ping_status":"closed","template":"elementor_header_footer","meta":{"inline_featured_image":false,"footnotes":""},"class_list":["post-369","page","type-page","status-publish","has-post-thumbnail","hentry"],"_links":{"self":[{"href":"https:\/\/casinosonlinetop.bet\/ar\/wp-json\/wp\/v2\/pages\/369","targetHints":{"allow":["GET"]}}],"collection":[{"href":"https:\/\/casinosonlinetop.bet\/ar\/wp-json\/wp\/v2\/pages"}],"about":[{"href":"https:\/\/casinosonlinetop.bet\/ar\/wp-json\/wp\/v2\/types\/page"}],"author":[{"embeddable":true,"href":"https:\/\/casinosonlinetop.bet\/ar\/wp-json\/wp\/v2\/users\/1"}],"replies":[{"embeddable":true,"href":"https:\/\/casinosonlinetop.bet\/ar\/wp-json\/wp\/v2\/comments?post=369"}],"version-history":[{"count":0,"href":"https:\/\/casinosonlinetop.bet\/ar\/wp-json\/wp\/v2\/pages\/369\/revisions"}],"wp:featuredmedia":[{"embeddable":true,"href":"https:\/\/casinosonlinetop.bet\/ar\/wp-json\/wp\/v2\/media\/820"}],"wp:attachment":[{"href":"https:\/\/casinosonlinetop.bet\/ar\/wp-json\/wp\/v2\/media?parent=369"}],"curies":[{"name":"wp","href":"https:\/\/api.w.org\/{rel}","templated":true}]}}